{"id":1007,"date":"2019-06-12T07:52:16","date_gmt":"2019-06-12T07:52:16","guid":{"rendered":"https:\/\/pruebas1.otzarreta.com\/?page_id=1007"},"modified":"2019-07-11T07:46:47","modified_gmt":"2019-07-11T07:46:47","slug":"aviso-legal","status":"publish","type":"page","link":"https:\/\/batbitahiru.eus\/eu\/aviso-legal\/","title":{"rendered":"Aviso legal"},"content":{"rendered":"<p>[et_pb_section bb_built=\u00bb1&#8243; fullwidth=\u00bboff\u00bb specialty=\u00bboff\u00bb][et_pb_row _builder_version=\u00bb3.19.16&#8243; make_fullwidth=\u00bbon\u00bb][et_pb_column type=\u00bb1_2&#8243;][et_pb_text admin_label=\u00bbH1&#8243; _builder_version=\u00bb3.19.16&#8243; header_font=\u00bb|300||on|||||\u00bb header_text_align=\u00bbleft\u00bb header_font_size=\u00bb14px\u00bb header_font_size_last_edited=\u00bbon|phone\u00bb header_line_height=\u00bb1.2em\u00bb header_letter_spacing=\u00bb5px\u00bb]<\/p>\n<h1>Aviso Legal<\/h1>\n<p>[\/et_pb_text][\/et_pb_column][et_pb_column type=\u00bb1_2&#8243;][\/et_pb_column][\/et_pb_row][et_pb_row _builder_version=\u00bb3.19.16&#8243; make_fullwidth=\u00bbon\u00bb][et_pb_column type=\u00bb4_4&#8243;][et_pb_divider _builder_version=\u00bb3.19.16&#8243; divider_weight=\u00bb2&#8243; module_alignment=\u00bbleft\u00bb max_width=\u00bb50px\u00bb max_width_last_edited=\u00bbon|desktop\u00bb custom_margin=\u00bb||0px|\u00bb \/][et_pb_text _builder_version=\u00bb3.19.16&#8243; custom_margin=\u00bb25px|||\u00bb text_font=\u00bb|300|||||||\u00bb]<\/p>\n<p><strong>Propiedad Intelectual<br \/><\/strong>Los contenidos de este sitio web, textos, im\u00e1genes, sonidos, animaciones, etc. as\u00ed como su dise\u00f1o gr\u00e1fico y su c\u00f3digo fuente est\u00e1n protegidos por la legislaci\u00f3n espa\u00f1ola sobre los derechos de propiedad intelectual e industrial a favor de <strong>BAT, BI TA HIRU<\/strong>. Quedando por tanto totalmente prohibida su reproducci\u00f3n, distribuci\u00f3n o comunicaci\u00f3n p\u00fablica, total o parcial, sin la autorizaci\u00f3n expresa de <strong>BAT, BI TA HIRU<\/strong>.<\/p>\n<p><strong>Contenido de la web y enlaces<br \/><\/strong>En <strong>BAT, BI TA HIRU<\/strong> no nos responsabilizamos del mal uso que se realice de los contenidos de nuestra p\u00e1gina web, siendo exclusiva responsabilidad de la persona que accede a ellos o los utiliza.<br \/>Tampoco asumimos ninguna responsabilidad por la informaci\u00f3n contenida en las p\u00e1ginas web de terceros a las que se pueda acceder por enlaces o buscadores desde este sitio web.<\/p>\n<p><strong>Actualizaci\u00f3n y modificaci\u00f3n de la p\u00e1gina web<br \/><\/strong><strong>BAT, BI TA HIRU<\/strong>\u00a0se reserva el derecho a modificar o eliminar, sin previo aviso, tanto la informaci\u00f3n contenida en su sitio web como su configuraci\u00f3n y presentaci\u00f3n, sin asumir responsabilidad alguna por ello.<\/p>\n<p><strong>Indicaciones sobre aspectos t\u00e9cnicos<br \/><\/strong><strong>BAT, BI TA HIRU<\/strong> no asume ninguna responsabilidad que se pueda derivar de problemas t\u00e9cnicos o fallos en los equipos inform\u00e1ticos que se produzcan durante la conexi\u00f3n a la red de Internet, as\u00ed como de da\u00f1os que pudieran ser causados por terceras personas mediante intromisiones ileg\u00edtimas fuera del control de <strong>BAT, BI TA HIRU<\/strong>.<br \/>Tambi\u00e9n quedamos exonerados de toda responsabilidad ante posibles da\u00f1os o perjuicios que pueda sufrir el usuario a consecuencia de errores, defectos u omisiones en la informaci\u00f3n que facilitemos cuando proceda de fuentes ajenas a nosotros.<\/p>\n<p><strong>Protecci\u00f3n de datos<br \/><\/strong>Con arreglo a lo dispuesto en la Ley Org\u00e1nica 15\/1999 de 13 de diciembre, de Protecci\u00f3n de Datos de Car\u00e1cter Personal, le comunicamos que los datos de car\u00e1cter personal que se faciliten por correo electr\u00f3nico quedar\u00e1n registrados en un fichero de titularidad privada cuyo responsable es <strong>BAT, BI TA HIRU<\/strong>, con la finalidad de contestar a las consultas planteadas. Usted tiene derecho a acceder a sus datos almacenados en nuestro fichero de clientes, rectificarlos, cancelarlos, as\u00ed como oponerse a su tratamiento.<\/p>\n<p>[\/et_pb_text][\/et_pb_column][\/et_pb_row][\/et_pb_section]<\/p>\n","protected":false},"excerpt":{"rendered":"<p>Aviso Legal Propiedad IntelectualLos contenidos de este sitio web, textos, im\u00e1genes, sonidos, animaciones, etc. as\u00ed como su dise\u00f1o gr\u00e1fico y su c\u00f3digo fuente est\u00e1n protegidos por la legislaci\u00f3n espa\u00f1ola sobre los derechos de propiedad intelectual e industrial a favor de BAT, BI TA HIRU. Quedando por tanto totalmente prohibida su reproducci\u00f3n, distribuci\u00f3n o comunicaci\u00f3n p\u00fablica, [&hellip;]<\/p>\n","protected":false},"author":6,"featured_media":0,"parent":0,"menu_order":0,"comment_status":"closed","ping_status":"closed","template":"","meta":{"_et_pb_use_builder":"on","_et_pb_old_content":"","_et_gb_content_width":"","footnotes":""},"class_list":["post-1007","page","type-page","status-publish","hentry"],"yoast_head":"<!-- This site is optimized with the Yoast SEO plugin v27.4 - https:\/\/yoast.com\/product\/yoast-seo-wordpress\/ -->\n<title>Aviso legal - Bat Bi ta Hiru<\/title>\n<meta name=\"robots\" content=\"noindex, nofollow\" \/>\n<meta property=\"og:locale\" content=\"en_US\" \/>\n<meta property=\"og:type\" content=\"article\" \/>\n<meta property=\"og:title\" content=\"Aviso legal - Bat Bi ta Hiru\" \/>\n<meta property=\"og:description\" content=\"Aviso Legal Propiedad IntelectualLos contenidos de este sitio web, textos, im\u00e1genes, sonidos, animaciones, etc. as\u00ed como su dise\u00f1o gr\u00e1fico y su c\u00f3digo fuente est\u00e1n protegidos por la legislaci\u00f3n espa\u00f1ola sobre los derechos de propiedad intelectual e industrial a favor de BAT, BI TA HIRU. Quedando por tanto totalmente prohibida su reproducci\u00f3n, distribuci\u00f3n o comunicaci\u00f3n p\u00fablica, [&hellip;]\" \/>\n<meta property=\"og:url\" content=\"https:\/\/batbitahiru.eus\/eu\/aviso-legal\/\" \/>\n<meta property=\"og:site_name\" content=\"Bat Bi ta Hiru\" \/>\n<meta property=\"article:publisher\" content=\"https:\/\/www.facebook.com\/bat.hiru\/\" \/>\n<meta property=\"article:modified_time\" content=\"2019-07-11T07:46:47+00:00\" \/>\n<meta name=\"twitter:card\" content=\"summary_large_image\" \/>\n<meta name=\"twitter:label1\" content=\"Est. reading time\" \/>\n\t<meta name=\"twitter:data1\" content=\"3 minutua\" \/>\n<script type=\"application\/ld+json\" class=\"yoast-schema-graph\">{\"@context\":\"https:\\\/\\\/schema.org\",\"@graph\":[{\"@type\":\"WebPage\",\"@id\":\"https:\\\/\\\/batbitahiru.eus\\\/aviso-legal\\\/\",\"url\":\"https:\\\/\\\/batbitahiru.eus\\\/aviso-legal\\\/\",\"name\":\"Aviso legal - Bat Bi ta Hiru\",\"isPartOf\":{\"@id\":\"https:\\\/\\\/batbitahiru.eus\\\/#website\"},\"datePublished\":\"2019-06-12T07:52:16+00:00\",\"dateModified\":\"2019-07-11T07:46:47+00:00\",\"breadcrumb\":{\"@id\":\"https:\\\/\\\/batbitahiru.eus\\\/aviso-legal\\\/#breadcrumb\"},\"inLanguage\":\"eu\",\"potentialAction\":[{\"@type\":\"ReadAction\",\"target\":[\"https:\\\/\\\/batbitahiru.eus\\\/aviso-legal\\\/\"]}]},{\"@type\":\"BreadcrumbList\",\"@id\":\"https:\\\/\\\/batbitahiru.eus\\\/aviso-legal\\\/#breadcrumb\",\"itemListElement\":[{\"@type\":\"ListItem\",\"position\":1,\"name\":\"Portada\",\"item\":\"https:\\\/\\\/batbitahiru.eus\\\/\"},{\"@type\":\"ListItem\",\"position\":2,\"name\":\"Aviso legal\"}]},{\"@type\":\"WebSite\",\"@id\":\"https:\\\/\\\/batbitahiru.eus\\\/#website\",\"url\":\"https:\\\/\\\/batbitahiru.eus\\\/\",\"name\":\"Bat Bi ta Hiru\",\"description\":\"Retos con sentido\",\"publisher\":{\"@id\":\"https:\\\/\\\/batbitahiru.eus\\\/#organization\"},\"potentialAction\":[{\"@type\":\"SearchAction\",\"target\":{\"@type\":\"EntryPoint\",\"urlTemplate\":\"https:\\\/\\\/batbitahiru.eus\\\/?s={search_term_string}\"},\"query-input\":{\"@type\":\"PropertyValueSpecification\",\"valueRequired\":true,\"valueName\":\"search_term_string\"}}],\"inLanguage\":\"eu\"},{\"@type\":\"Organization\",\"@id\":\"https:\\\/\\\/batbitahiru.eus\\\/#organization\",\"name\":\"Bat Bi ta Hiru\",\"url\":\"https:\\\/\\\/batbitahiru.eus\\\/\",\"logo\":{\"@type\":\"ImageObject\",\"inLanguage\":\"eu\",\"@id\":\"https:\\\/\\\/batbitahiru.eus\\\/#\\\/schema\\\/logo\\\/image\\\/\",\"url\":\"https:\\\/\\\/batbitahiru.eus\\\/wp-content\\\/uploads\\\/2025\\\/05\\\/bat-bi-ta-hiru-logo.png\",\"contentUrl\":\"https:\\\/\\\/batbitahiru.eus\\\/wp-content\\\/uploads\\\/2025\\\/05\\\/bat-bi-ta-hiru-logo.png\",\"width\":250,\"height\":202,\"caption\":\"Bat Bi ta Hiru\"},\"image\":{\"@id\":\"https:\\\/\\\/batbitahiru.eus\\\/#\\\/schema\\\/logo\\\/image\\\/\"},\"sameAs\":[\"https:\\\/\\\/www.facebook.com\\\/bat.hiru\\\/\",\"https:\\\/\\\/www.linkedin.com\\\/company\\\/bat-bi-ta-hiru-s-l\\\/?originalSubdomain=es\"]}]}<\/script>\n<!-- \/ Yoast SEO plugin. -->","yoast_head_json":{"title":"Aviso legal - Bat Bi ta Hiru","robots":{"index":"noindex","follow":"nofollow"},"og_locale":"en_US","og_type":"article","og_title":"Aviso legal - Bat Bi ta Hiru","og_description":"Aviso Legal Propiedad IntelectualLos contenidos de este sitio web, textos, im\u00e1genes, sonidos, animaciones, etc. as\u00ed como su dise\u00f1o gr\u00e1fico y su c\u00f3digo fuente est\u00e1n protegidos por la legislaci\u00f3n espa\u00f1ola sobre los derechos de propiedad intelectual e industrial a favor de BAT, BI TA HIRU. Quedando por tanto totalmente prohibida su reproducci\u00f3n, distribuci\u00f3n o comunicaci\u00f3n p\u00fablica, [&hellip;]","og_url":"https:\/\/batbitahiru.eus\/eu\/aviso-legal\/","og_site_name":"Bat Bi ta Hiru","article_publisher":"https:\/\/www.facebook.com\/bat.hiru\/","article_modified_time":"2019-07-11T07:46:47+00:00","twitter_card":"summary_large_image","twitter_misc":{"Est. reading time":"3 minutua"},"schema":{"@context":"https:\/\/schema.org","@graph":[{"@type":"WebPage","@id":"https:\/\/batbitahiru.eus\/aviso-legal\/","url":"https:\/\/batbitahiru.eus\/aviso-legal\/","name":"Aviso legal - Bat Bi ta Hiru","isPartOf":{"@id":"https:\/\/batbitahiru.eus\/#website"},"datePublished":"2019-06-12T07:52:16+00:00","dateModified":"2019-07-11T07:46:47+00:00","breadcrumb":{"@id":"https:\/\/batbitahiru.eus\/aviso-legal\/#breadcrumb"},"inLanguage":"eu","potentialAction":[{"@type":"ReadAction","target":["https:\/\/batbitahiru.eus\/aviso-legal\/"]}]},{"@type":"BreadcrumbList","@id":"https:\/\/batbitahiru.eus\/aviso-legal\/#breadcrumb","itemListElement":[{"@type":"ListItem","position":1,"name":"Portada","item":"https:\/\/batbitahiru.eus\/"},{"@type":"ListItem","position":2,"name":"Aviso legal"}]},{"@type":"WebSite","@id":"https:\/\/batbitahiru.eus\/#website","url":"https:\/\/batbitahiru.eus\/","name":"Bat Bi ta Hiru","description":"Retos con sentido","publisher":{"@id":"https:\/\/batbitahiru.eus\/#organization"},"potentialAction":[{"@type":"SearchAction","target":{"@type":"EntryPoint","urlTemplate":"https:\/\/batbitahiru.eus\/?s={search_term_string}"},"query-input":{"@type":"PropertyValueSpecification","valueRequired":true,"valueName":"search_term_string"}}],"inLanguage":"eu"},{"@type":"Organization","@id":"https:\/\/batbitahiru.eus\/#organization","name":"Bat Bi ta Hiru","url":"https:\/\/batbitahiru.eus\/","logo":{"@type":"ImageObject","inLanguage":"eu","@id":"https:\/\/batbitahiru.eus\/#\/schema\/logo\/image\/","url":"https:\/\/batbitahiru.eus\/wp-content\/uploads\/2025\/05\/bat-bi-ta-hiru-logo.png","contentUrl":"https:\/\/batbitahiru.eus\/wp-content\/uploads\/2025\/05\/bat-bi-ta-hiru-logo.png","width":250,"height":202,"caption":"Bat Bi ta Hiru"},"image":{"@id":"https:\/\/batbitahiru.eus\/#\/schema\/logo\/image\/"},"sameAs":["https:\/\/www.facebook.com\/bat.hiru\/","https:\/\/www.linkedin.com\/company\/bat-bi-ta-hiru-s-l\/?originalSubdomain=es"]}]}},"_links":{"self":[{"href":"https:\/\/batbitahiru.eus\/eu\/wp-json\/wp\/v2\/pages\/1007","targetHints":{"allow":["GET"]}}],"collection":[{"href":"https:\/\/batbitahiru.eus\/eu\/wp-json\/wp\/v2\/pages"}],"about":[{"href":"https:\/\/batbitahiru.eus\/eu\/wp-json\/wp\/v2\/types\/page"}],"author":[{"embeddable":true,"href":"https:\/\/batbitahiru.eus\/eu\/wp-json\/wp\/v2\/users\/6"}],"replies":[{"embeddable":true,"href":"https:\/\/batbitahiru.eus\/eu\/wp-json\/wp\/v2\/comments?post=1007"}],"version-history":[{"count":3,"href":"https:\/\/batbitahiru.eus\/eu\/wp-json\/wp\/v2\/pages\/1007\/revisions"}],"predecessor-version":[{"id":1010,"href":"https:\/\/batbitahiru.eus\/eu\/wp-json\/wp\/v2\/pages\/1007\/revisions\/1010"}],"wp:attachment":[{"href":"https:\/\/batbitahiru.eus\/eu\/wp-json\/wp\/v2\/media?parent=1007"}],"curies":[{"name":"wp","href":"https:\/\/api.w.org\/{rel}","templated":true}]}}