{"id":1011,"date":"2019-06-12T08:30:14","date_gmt":"2019-06-12T08:30:14","guid":{"rendered":"https:\/\/pruebas1.otzarreta.com\/?page_id=1011"},"modified":"2019-07-11T07:47:26","modified_gmt":"2019-07-11T07:47:26","slug":"politica-de-cookies","status":"publish","type":"page","link":"https:\/\/batbitahiru.eus\/eu\/politica-de-cookies\/","title":{"rendered":"Cookie politikak"},"content":{"rendered":"<p>[et_pb_section bb_built=\u00bb1&#8243; fullwidth=\u00bboff\u00bb specialty=\u00bboff\u00bb][et_pb_row _builder_version=\u00bb3.19.16&#8243; make_fullwidth=\u00bbon\u00bb][et_pb_column type=\u00bb1_2&#8243;][et_pb_text admin_label=\u00bbH1&#8243; _builder_version=\u00bb3.19.16&#8243; header_font=\u00bb|300||on|||||\u00bb header_text_align=\u00bbleft\u00bb header_font_size=\u00bb14px\u00bb header_font_size_last_edited=\u00bbon|phone\u00bb header_line_height=\u00bb1.2em\u00bb header_letter_spacing=\u00bb5px\u00bb]<\/p>\n<h1>Pol\u00edtica de cookies<\/h1>\n<p>[\/et_pb_text][\/et_pb_column][et_pb_column type=\u00bb1_2&#8243;][\/et_pb_column][\/et_pb_row][et_pb_row _builder_version=\u00bb3.19.16&#8243; make_fullwidth=\u00bbon\u00bb][et_pb_column type=\u00bb4_4&#8243;][et_pb_divider _builder_version=\u00bb3.19.16&#8243; divider_weight=\u00bb2&#8243; module_alignment=\u00bbleft\u00bb max_width=\u00bb50px\u00bb max_width_last_edited=\u00bbon|desktop\u00bb custom_margin=\u00bb||0px|\u00bb \/][et_pb_text _builder_version=\u00bb3.19.16&#8243; custom_margin=\u00bb25px|||\u00bb text_font=\u00bb|300|||||||\u00bb]<\/p>\n<p><strong>\u00bfQu\u00e9 es una cookie?<br \/><\/strong><strong>Una cookie es un fichero que se descarga en su ordenador al acceder a determinadas p\u00e1ginas web.<\/strong>\u00a0Las cookies permiten a una p\u00e1gina web, entre otras cosas, almacenar y recuperar informaci\u00f3n sobre h\u00e1bitos de navegaci\u00f3n de un usuario o un equipo y, dependiendo de la informaci\u00f3n que contengan y de la forma que utilice su equipo, pueden utilizarse para conocer al usuario.<\/p>\n<p><strong>\u00bfQu\u00e9 NO ES una cookie?<br \/><\/strong>No es un virus, ni un troyano, ni un gusano, ni spam, ni spyware, ni abre ventanas pop-up.<\/p>\n<p><strong>\u00bfPara qu\u00e9 utiliza las cookies esta p\u00e1gina web y cu\u00e1les son?<br \/><\/strong>Esta p\u00e1gina web utiliza las siguientes cookies propias y de terceros:<\/p>\n<ul>\n<li><strong>De an\u00e1lisis:\u00a0<\/strong>son aquellas cookies que bien, tratadas por nosotros o por terceros, nos permiten cuantificar el n\u00famero de usuarios y as\u00ed realizar la medici\u00f3n y an\u00e1lisis estad\u00edstico de la utilizaci\u00f3n que hacen los usuarios del servicio. Para ello se analiza su navegaci\u00f3n en nuestra p\u00e1gina web con el fin de mejorar la experiencia del usuario.<\/li>\n<li><strong>De sesi\u00f3n:<\/strong>\u00a0para garantizar que los usuarios que dejan comentarios o se registran son humanos y no aplicaciones automatizadas. De esta forma se combate el\u00a0<em>spam<\/em>.<\/li>\n<li><strong>Redes sociales:<\/strong>\u00a0son cookies de terceros. Cada red social utiliza sus propias cookies para que usted pueda compartir contenidos o valorarlos (pinchando en botones tipo \u201cme gusta\u201d o \u201ccompartir\u201d).<\/li>\n<\/ul>\n<p><strong>\u00bfSe pueden eliminar las\u00a0cookies?<br \/><\/strong><strong>S\u00ed.<\/strong>\u00a0No s\u00f3lo eliminar, tambi\u00e9n bloquear, de forma general o particular para un dominio espec\u00edfico.\u00a0<strong>Si bien esta opci\u00f3n de bloqueo de Cookies en su navegador puede no permitirle el uso pleno de todas las funcionalidades del Website.\u00a0<\/strong>\u00a0Para eliminar las\u00a0<em>cookies<\/em>\u00a0de un sitio web debe ir a la configuraci\u00f3n de su navegador y all\u00ed podr\u00e1 buscar las asociadas al dominio en cuesti\u00f3n y proceder a su eliminaci\u00f3n.<\/p>\n<p><strong>Configuraci\u00f3n de\u00a0cookies\u00a0para los navegadores m\u00e1s populares<br \/><\/strong>A continuaci\u00f3n le indicamos c\u00f3mo acceder a una\u00a0<em>cookie<\/em>\u00a0determinada del navegador\u00a0<strong>Google Chrome<\/strong>. Nota: estos pasos pueden variar en funci\u00f3n de la versi\u00f3n del navegador:<\/p>\n<ol>\n<li>Vaya a Configuraci\u00f3n o Preferencias mediante el men\u00fa Archivo o bien pinchando el icono de personalizaci\u00f3n que aparece arriba a la derecha.<\/li>\n<li>Ver\u00e1 diferentes secciones, pinche la opci\u00f3n\u00a0<em>Mostrar opciones avanzadas<\/em>.<\/li>\n<li>Vaya a\u00a0<em>Privacidad<\/em>,\u00a0<em>Configuraci\u00f3n de contenido<\/em>.<\/li>\n<li>Seleccione\u00a0<em>Todas las\u00a0cookies\u00a0y los datos de sitios<\/em>.<\/li>\n<li>Aparecer\u00e1 un listado con todas las\u00a0<em>cookies<\/em>\u00a0ordenadas por dominio. Para que le sea m\u00e1s f\u00e1cil encontrar las\u00a0<em>cookies<\/em>\u00a0de un determinado dominio introduzca parcial o totalmente la direcci\u00f3n en el campo\u00a0<em>Buscar cookies<\/em>.<\/li>\n<li>Tras realizar este filtro aparecer\u00e1n en pantalla una o varias l\u00edneas con las\u00a0<em>cookies<\/em>\u00a0de la web solicitada. Ahora s\u00f3lo tiene que seleccionarla y pulsar la\u00a0<em>X<\/em>\u00a0para proceder a su eliminaci\u00f3n.<\/li>\n<\/ol>\n<p>Para acceder a la configuraci\u00f3n de\u00a0<em>cookies<\/em>\u00a0del navegador\u00a0<strong>Internet Explorer<\/strong>\u00a0siga estos pasos (pueden variar en funci\u00f3n de la versi\u00f3n del navegador):<\/p>\n<ol>\n<li>Vaya a\u00a0<em>Herramientas<\/em>,\u00a0<em>Opciones de Internet<\/em><\/li>\n<li>Haga click en\u00a0<em>Privacidad<\/em>.<\/li>\n<li>Mueva el deslizador hasta ajustar el nivel de privacidad que desee.<\/li>\n<\/ol>\n<p>Para acceder a la configuraci\u00f3n de\u00a0<em>cookies<\/em>\u00a0del navegador\u00a0<strong>Firefox<\/strong>\u00a0siga estos pasos (pueden variar en funci\u00f3n de la versi\u00f3n del navegador):<\/p>\n<ol>\n<li>Vaya a\u00a0<em>Opciones<\/em>\u00a0o\u00a0<em>Preferencias<\/em>\u00a0seg\u00fan su sistema operativo.<\/li>\n<li>Haga click en\u00a0<em>Privacidad<\/em>.<\/li>\n<li>En\u00a0<em>Historial<\/em>\u00a0elija\u00a0<em>Usar una configuraci\u00f3n personalizada para el historial<\/em>.<\/li>\n<li>Ahora ver\u00e1 la opci\u00f3n\u00a0<em>Aceptar cookies<\/em>, puede activarla o desactivarla seg\u00fan sus preferencias.<\/li>\n<\/ol>\n<p>Para acceder a la configuraci\u00f3n de\u00a0<em>cookies<\/em>\u00a0del navegador\u00a0<strong>Safari<\/strong>\u00a0para OSX\u00a0siga estos pasos (pueden variar en funci\u00f3n de la versi\u00f3n del navegador):<\/p>\n<ol>\n<li>Vaya a\u00a0<em>Preferencias<\/em>, luego\u00a0<em>Privacidad<\/em>.<\/li>\n<li>En este lugar ver\u00e1 la opci\u00f3n\u00a0<em>Bloquear cookies<\/em>\u00a0para que ajuste el tipo de bloqueo que desea realizar.<\/li>\n<\/ol>\n<p>Para acceder a la configuraci\u00f3n de\u00a0<em>cookies<\/em>\u00a0del navegador\u00a0<strong>Safari para iOS<\/strong>\u00a0siga estos pasos (pueden variar en funci\u00f3n de la versi\u00f3n del navegador):<\/p>\n<ol>\n<li>Vaya a\u00a0<em>Ajustes<\/em>, luego\u00a0<em>Safari<\/em>.<\/li>\n<li>Vaya a\u00a0<em>Privacidad y Seguridad<\/em>, ver\u00e1 la opci\u00f3n\u00a0<em>Bloquear cookies<\/em>\u00a0para que ajuste el tipo de bloqueo que desea realizar.<\/li>\n<\/ol>\n<p>Para acceder a la configuraci\u00f3n de\u00a0<em>cookies<\/em>\u00a0del navegador para dispositivos<strong>\u00a0Android\u00a0<\/strong>siga estos pasos (pueden variar en funci\u00f3n de la versi\u00f3n del navegador):<\/p>\n<ol>\n<li>Ejecute el navegador y pulse la tecla\u00a0<em>Men\u00fa<\/em>, luego\u00a0<em>Ajustes<\/em>.<\/li>\n<li>Vaya a\u00a0<em>Seguridad y Privacidad<\/em>, ver\u00e1 la opci\u00f3n\u00a0<em>Aceptar cookies<\/em>\u00a0para que active o desactive la casilla.<\/li>\n<\/ol>\n<p>Para acceder a la configuraci\u00f3n de\u00a0<em>cookies<\/em>\u00a0del navegador para dispositivos\u00a0<strong>Windows Phone\u00a0<\/strong>siga estos pasos (pueden variar en funci\u00f3n de la versi\u00f3n del navegador):<\/p>\n<ol>\n<li>Abra\u00a0<em>Internet Explorer<\/em>, luego\u00a0<em>M\u00e1s<\/em>, luego\u00a0<em>Configuraci\u00f3n<\/em><\/li>\n<li>Ahora puede activar o desactivar la casilla\u00a0<em>Permitir cookies<\/em>.<\/li>\n<\/ol>\n<p>* Para otros navegadores, consulte la documentaci\u00f3n propia del navegador que tenga instalado.<\/p>\n<p>[\/et_pb_text][\/et_pb_column][\/et_pb_row][\/et_pb_section]<\/p>\n","protected":false},"excerpt":{"rendered":"<p>Pol\u00edtica de cookies \u00bfQu\u00e9 es una cookie?Una cookie es un fichero que se descarga en su ordenador al acceder a determinadas p\u00e1ginas web.\u00a0Las cookies permiten a una p\u00e1gina web, entre otras cosas, almacenar y recuperar informaci\u00f3n sobre h\u00e1bitos de navegaci\u00f3n de un usuario o un equipo y, dependiendo de la informaci\u00f3n que contengan y de [&hellip;]<\/p>\n","protected":false},"author":6,"featured_media":0,"parent":0,"menu_order":0,"comment_status":"closed","ping_status":"closed","template":"","meta":{"_et_pb_use_builder":"on","_et_pb_old_content":"","_et_gb_content_width":"","footnotes":""},"class_list":["post-1011","page","type-page","status-publish","hentry"],"yoast_head":"<!-- This site is optimized with the Yoast SEO plugin v27.4 - https:\/\/yoast.com\/product\/yoast-seo-wordpress\/ -->\n<title>Pol\u00edtica de cookies - Bat Bi ta Hiru<\/title>\n<meta name=\"robots\" content=\"noindex, nofollow\" \/>\n<meta property=\"og:locale\" content=\"en_US\" \/>\n<meta property=\"og:type\" content=\"article\" \/>\n<meta property=\"og:title\" content=\"Pol\u00edtica de cookies - Bat Bi ta Hiru\" \/>\n<meta property=\"og:description\" content=\"Pol\u00edtica de cookies \u00bfQu\u00e9 es una cookie?Una cookie es un fichero que se descarga en su ordenador al acceder a determinadas p\u00e1ginas web.\u00a0Las cookies permiten a una p\u00e1gina web, entre otras cosas, almacenar y recuperar informaci\u00f3n sobre h\u00e1bitos de navegaci\u00f3n de un usuario o un equipo y, dependiendo de la informaci\u00f3n que contengan y de [&hellip;]\" \/>\n<meta property=\"og:url\" content=\"https:\/\/batbitahiru.eus\/eu\/politica-de-cookies\/\" \/>\n<meta property=\"og:site_name\" content=\"Bat Bi ta Hiru\" \/>\n<meta property=\"article:publisher\" content=\"https:\/\/www.facebook.com\/bat.hiru\/\" \/>\n<meta property=\"article:modified_time\" content=\"2019-07-11T07:47:26+00:00\" \/>\n<meta name=\"twitter:card\" content=\"summary_large_image\" \/>\n<meta name=\"twitter:label1\" content=\"Est. reading time\" \/>\n\t<meta name=\"twitter:data1\" content=\"5 minutua\" \/>\n<script type=\"application\/ld+json\" class=\"yoast-schema-graph\">{\"@context\":\"https:\\\/\\\/schema.org\",\"@graph\":[{\"@type\":\"WebPage\",\"@id\":\"https:\\\/\\\/batbitahiru.eus\\\/politica-de-cookies\\\/\",\"url\":\"https:\\\/\\\/batbitahiru.eus\\\/politica-de-cookies\\\/\",\"name\":\"Pol\u00edtica de cookies - Bat Bi ta Hiru\",\"isPartOf\":{\"@id\":\"https:\\\/\\\/batbitahiru.eus\\\/#website\"},\"datePublished\":\"2019-06-12T08:30:14+00:00\",\"dateModified\":\"2019-07-11T07:47:26+00:00\",\"breadcrumb\":{\"@id\":\"https:\\\/\\\/batbitahiru.eus\\\/politica-de-cookies\\\/#breadcrumb\"},\"inLanguage\":\"eu\",\"potentialAction\":[{\"@type\":\"ReadAction\",\"target\":[\"https:\\\/\\\/batbitahiru.eus\\\/politica-de-cookies\\\/\"]}]},{\"@type\":\"BreadcrumbList\",\"@id\":\"https:\\\/\\\/batbitahiru.eus\\\/politica-de-cookies\\\/#breadcrumb\",\"itemListElement\":[{\"@type\":\"ListItem\",\"position\":1,\"name\":\"Portada\",\"item\":\"https:\\\/\\\/batbitahiru.eus\\\/\"},{\"@type\":\"ListItem\",\"position\":2,\"name\":\"Pol\u00edtica de cookies\"}]},{\"@type\":\"WebSite\",\"@id\":\"https:\\\/\\\/batbitahiru.eus\\\/#website\",\"url\":\"https:\\\/\\\/batbitahiru.eus\\\/\",\"name\":\"Bat Bi ta Hiru\",\"description\":\"Retos con sentido\",\"publisher\":{\"@id\":\"https:\\\/\\\/batbitahiru.eus\\\/#organization\"},\"potentialAction\":[{\"@type\":\"SearchAction\",\"target\":{\"@type\":\"EntryPoint\",\"urlTemplate\":\"https:\\\/\\\/batbitahiru.eus\\\/?s={search_term_string}\"},\"query-input\":{\"@type\":\"PropertyValueSpecification\",\"valueRequired\":true,\"valueName\":\"search_term_string\"}}],\"inLanguage\":\"eu\"},{\"@type\":\"Organization\",\"@id\":\"https:\\\/\\\/batbitahiru.eus\\\/#organization\",\"name\":\"Bat Bi ta Hiru\",\"url\":\"https:\\\/\\\/batbitahiru.eus\\\/\",\"logo\":{\"@type\":\"ImageObject\",\"inLanguage\":\"eu\",\"@id\":\"https:\\\/\\\/batbitahiru.eus\\\/#\\\/schema\\\/logo\\\/image\\\/\",\"url\":\"https:\\\/\\\/batbitahiru.eus\\\/wp-content\\\/uploads\\\/2025\\\/05\\\/bat-bi-ta-hiru-logo.png\",\"contentUrl\":\"https:\\\/\\\/batbitahiru.eus\\\/wp-content\\\/uploads\\\/2025\\\/05\\\/bat-bi-ta-hiru-logo.png\",\"width\":250,\"height\":202,\"caption\":\"Bat Bi ta Hiru\"},\"image\":{\"@id\":\"https:\\\/\\\/batbitahiru.eus\\\/#\\\/schema\\\/logo\\\/image\\\/\"},\"sameAs\":[\"https:\\\/\\\/www.facebook.com\\\/bat.hiru\\\/\",\"https:\\\/\\\/www.linkedin.com\\\/company\\\/bat-bi-ta-hiru-s-l\\\/?originalSubdomain=es\"]}]}<\/script>\n<!-- \/ Yoast SEO plugin. -->","yoast_head_json":{"title":"Pol\u00edtica de cookies - Bat Bi ta Hiru","robots":{"index":"noindex","follow":"nofollow"},"og_locale":"en_US","og_type":"article","og_title":"Pol\u00edtica de cookies - Bat Bi ta Hiru","og_description":"Pol\u00edtica de cookies \u00bfQu\u00e9 es una cookie?Una cookie es un fichero que se descarga en su ordenador al acceder a determinadas p\u00e1ginas web.\u00a0Las cookies permiten a una p\u00e1gina web, entre otras cosas, almacenar y recuperar informaci\u00f3n sobre h\u00e1bitos de navegaci\u00f3n de un usuario o un equipo y, dependiendo de la informaci\u00f3n que contengan y de [&hellip;]","og_url":"https:\/\/batbitahiru.eus\/eu\/politica-de-cookies\/","og_site_name":"Bat Bi ta Hiru","article_publisher":"https:\/\/www.facebook.com\/bat.hiru\/","article_modified_time":"2019-07-11T07:47:26+00:00","twitter_card":"summary_large_image","twitter_misc":{"Est. reading time":"5 minutua"},"schema":{"@context":"https:\/\/schema.org","@graph":[{"@type":"WebPage","@id":"https:\/\/batbitahiru.eus\/politica-de-cookies\/","url":"https:\/\/batbitahiru.eus\/politica-de-cookies\/","name":"Pol\u00edtica de cookies - Bat Bi ta Hiru","isPartOf":{"@id":"https:\/\/batbitahiru.eus\/#website"},"datePublished":"2019-06-12T08:30:14+00:00","dateModified":"2019-07-11T07:47:26+00:00","breadcrumb":{"@id":"https:\/\/batbitahiru.eus\/politica-de-cookies\/#breadcrumb"},"inLanguage":"eu","potentialAction":[{"@type":"ReadAction","target":["https:\/\/batbitahiru.eus\/politica-de-cookies\/"]}]},{"@type":"BreadcrumbList","@id":"https:\/\/batbitahiru.eus\/politica-de-cookies\/#breadcrumb","itemListElement":[{"@type":"ListItem","position":1,"name":"Portada","item":"https:\/\/batbitahiru.eus\/"},{"@type":"ListItem","position":2,"name":"Pol\u00edtica de cookies"}]},{"@type":"WebSite","@id":"https:\/\/batbitahiru.eus\/#website","url":"https:\/\/batbitahiru.eus\/","name":"Bat Bi ta Hiru","description":"Retos con sentido","publisher":{"@id":"https:\/\/batbitahiru.eus\/#organization"},"potentialAction":[{"@type":"SearchAction","target":{"@type":"EntryPoint","urlTemplate":"https:\/\/batbitahiru.eus\/?s={search_term_string}"},"query-input":{"@type":"PropertyValueSpecification","valueRequired":true,"valueName":"search_term_string"}}],"inLanguage":"eu"},{"@type":"Organization","@id":"https:\/\/batbitahiru.eus\/#organization","name":"Bat Bi ta Hiru","url":"https:\/\/batbitahiru.eus\/","logo":{"@type":"ImageObject","inLanguage":"eu","@id":"https:\/\/batbitahiru.eus\/#\/schema\/logo\/image\/","url":"https:\/\/batbitahiru.eus\/wp-content\/uploads\/2025\/05\/bat-bi-ta-hiru-logo.png","contentUrl":"https:\/\/batbitahiru.eus\/wp-content\/uploads\/2025\/05\/bat-bi-ta-hiru-logo.png","width":250,"height":202,"caption":"Bat Bi ta Hiru"},"image":{"@id":"https:\/\/batbitahiru.eus\/#\/schema\/logo\/image\/"},"sameAs":["https:\/\/www.facebook.com\/bat.hiru\/","https:\/\/www.linkedin.com\/company\/bat-bi-ta-hiru-s-l\/?originalSubdomain=es"]}]}},"_links":{"self":[{"href":"https:\/\/batbitahiru.eus\/eu\/wp-json\/wp\/v2\/pages\/1011","targetHints":{"allow":["GET"]}}],"collection":[{"href":"https:\/\/batbitahiru.eus\/eu\/wp-json\/wp\/v2\/pages"}],"about":[{"href":"https:\/\/batbitahiru.eus\/eu\/wp-json\/wp\/v2\/types\/page"}],"author":[{"embeddable":true,"href":"https:\/\/batbitahiru.eus\/eu\/wp-json\/wp\/v2\/users\/6"}],"replies":[{"embeddable":true,"href":"https:\/\/batbitahiru.eus\/eu\/wp-json\/wp\/v2\/comments?post=1011"}],"version-history":[{"count":1,"href":"https:\/\/batbitahiru.eus\/eu\/wp-json\/wp\/v2\/pages\/1011\/revisions"}],"predecessor-version":[{"id":1012,"href":"https:\/\/batbitahiru.eus\/eu\/wp-json\/wp\/v2\/pages\/1011\/revisions\/1012"}],"wp:attachment":[{"href":"https:\/\/batbitahiru.eus\/eu\/wp-json\/wp\/v2\/media?parent=1011"}],"curies":[{"name":"wp","href":"https:\/\/api.w.org\/{rel}","templated":true}]}}