{"id":1473,"date":"2020-03-02T14:59:35","date_gmt":"2020-03-02T14:59:35","guid":{"rendered":"https:\/\/batbitahiru.eus\/?page_id=1473"},"modified":"2025-07-21T09:06:09","modified_gmt":"2025-07-21T09:06:09","slug":"metodo","status":"publish","type":"page","link":"https:\/\/batbitahiru.eus\/eu\/metodo\/","title":{"rendered":"Gure metodoa"},"content":{"rendered":"<p>[et_pb_section fb_built=\u00bb1&#8243; _builder_version=\u00bb4.16&#8243; background_color=\u00bb#f8f5eb\u00bb custom_padding=\u00bb||46px|||\u00bb z_index_tablet=\u00bb500&#8243; box_shadow_horizontal_tablet=\u00bb0px\u00bb box_shadow_vertical_tablet=\u00bb0px\u00bb box_shadow_blur_tablet=\u00bb40px\u00bb box_shadow_spread_tablet=\u00bb0px\u00bb global_colors_info=\u00bb{}\u00bb][et_pb_row _builder_version=\u00bb4.16&#8243; width_tablet=\u00bb\u00bb width_phone=\u00bb\u00bb width_last_edited=\u00bbon|desktop\u00bb max_width_tablet=\u00bb\u00bb max_width_phone=\u00bb\u00bb max_width_last_edited=\u00bbon|desktop\u00bb module_alignment=\u00bbcenter\u00bb custom_margin=\u00bb0px||0px|\u00bb custom_padding=\u00bb0px||0px|\u00bb z_index_tablet=\u00bb500&#8243; box_shadow_horizontal_tablet=\u00bb0px\u00bb box_shadow_vertical_tablet=\u00bb0px\u00bb box_shadow_blur_tablet=\u00bb40px\u00bb box_shadow_spread_tablet=\u00bb0px\u00bb global_colors_info=\u00bb{}\u00bb][et_pb_column type=\u00bb4_4&#8243; _builder_version=\u00bb4.16&#8243; custom_padding=\u00bb|||\u00bb global_colors_info=\u00bb{}\u00bb custom_padding__hover=\u00bb|||\u00bb][et_pb_text admin_label=\u00bbH1&#8243; _builder_version=\u00bb4.16&#8243; header_font=\u00bb|300||on|||||\u00bb header_text_align=\u00bbcenter\u00bb header_font_size=\u00bb14px\u00bb header_letter_spacing=\u00bb5px\u00bb header_line_height=\u00bb1.2em\u00bb header_font_size_tablet=\u00bb\u00bb header_font_size_phone=\u00bb\u00bb header_font_size_last_edited=\u00bbon|phone\u00bb z_index_tablet=\u00bb500&#8243; text_text_shadow_horizontal_length_tablet=\u00bb0px\u00bb text_text_shadow_vertical_length_tablet=\u00bb0px\u00bb text_text_shadow_blur_strength_tablet=\u00bb1px\u00bb link_text_shadow_horizontal_length_tablet=\u00bb0px\u00bb link_text_shadow_vertical_length_tablet=\u00bb0px\u00bb link_text_shadow_blur_strength_tablet=\u00bb1px\u00bb ul_text_shadow_horizontal_length_tablet=\u00bb0px\u00bb ul_text_shadow_vertical_length_tablet=\u00bb0px\u00bb ul_text_shadow_blur_strength_tablet=\u00bb1px\u00bb ol_text_shadow_horizontal_length_tablet=\u00bb0px\u00bb ol_text_shadow_vertical_length_tablet=\u00bb0px\u00bb ol_text_shadow_blur_strength_tablet=\u00bb1px\u00bb quote_text_shadow_horizontal_length_tablet=\u00bb0px\u00bb quote_text_shadow_vertical_length_tablet=\u00bb0px\u00bb quote_text_shadow_blur_strength_tablet=\u00bb1px\u00bb header_text_shadow_horizontal_length_tablet=\u00bb0px\u00bb header_text_shadow_vertical_length_tablet=\u00bb0px\u00bb header_text_shadow_blur_strength_tablet=\u00bb1px\u00bb header_2_text_shadow_horizontal_length_tablet=\u00bb0px\u00bb header_2_text_shadow_vertical_length_tablet=\u00bb0px\u00bb header_2_text_shadow_blur_strength_tablet=\u00bb1px\u00bb header_3_text_shadow_horizontal_length_tablet=\u00bb0px\u00bb header_3_text_shadow_vertical_length_tablet=\u00bb0px\u00bb header_3_text_shadow_blur_strength_tablet=\u00bb1px\u00bb header_4_text_shadow_horizontal_length_tablet=\u00bb0px\u00bb header_4_text_shadow_vertical_length_tablet=\u00bb0px\u00bb header_4_text_shadow_blur_strength_tablet=\u00bb1px\u00bb header_5_text_shadow_horizontal_length_tablet=\u00bb0px\u00bb header_5_text_shadow_vertical_length_tablet=\u00bb0px\u00bb header_5_text_shadow_blur_strength_tablet=\u00bb1px\u00bb header_6_text_shadow_horizontal_length_tablet=\u00bb0px\u00bb header_6_text_shadow_vertical_length_tablet=\u00bb0px\u00bb header_6_text_shadow_blur_strength_tablet=\u00bb1px\u00bb box_shadow_horizontal_tablet=\u00bb0px\u00bb box_shadow_vertical_tablet=\u00bb0px\u00bb box_shadow_blur_tablet=\u00bb40px\u00bb box_shadow_spread_tablet=\u00bb0px\u00bb global_colors_info=\u00bb{}\u00bb]<\/p>\n<h1>Nuestro m\u00e9todo<\/h1>\n<p>[\/et_pb_text][\/et_pb_column][\/et_pb_row][\/et_pb_section][et_pb_section fb_built=\u00bb1&#8243; _builder_version=\u00bb4.16&#8243; min_height=\u00bb1362.8px\u00bb custom_padding=\u00bb146px||5px|||\u00bb global_colors_info=\u00bb{}\u00bb][et_pb_row _builder_version=\u00bb4.27.4&#8243; _module_preset=\u00bbdefault\u00bb width=\u00bb79%\u00bb custom_margin=\u00bb-100px|auto||auto||\u00bb global_colors_info=\u00bb{}\u00bb][et_pb_column type=\u00bb4_4&#8243; _builder_version=\u00bb4.27.4&#8243; _module_preset=\u00bbdefault\u00bb global_colors_info=\u00bb{}\u00bb][et_pb_text _builder_version=\u00bb4.27.4&#8243; _module_preset=\u00bbdefault\u00bb width=\u00bb94.8%\u00bb min_height=\u00bb33.8px\u00bb custom_margin=\u00bb|-70px||-341px||\u00bb custom_padding=\u00bb0px||3px|346px||\u00bb global_colors_info=\u00bb{}\u00bb]<\/p>\n<p><span style=\"font-size: x-large;\"><strong>LOS MOMENTOS DE PROYECTO:<\/strong><\/span><\/p>\n<p>[\/et_pb_text][et_pb_image src=\u00bbhttps:\/\/batbitahiru.eus\/wp-content\/uploads\/2025\/07\/ideacion-corte.png\u00bb title_text=\u00bbideacion corte\u00bb _builder_version=\u00bb4.27.4&#8243; _module_preset=\u00bbdefault\u00bb custom_padding=\u00bb|||201px||\u00bb global_colors_info=\u00bb{}\u00bb][\/et_pb_image][\/et_pb_column][\/et_pb_row][et_pb_row _builder_version=\u00bb4.27.4&#8243; _module_preset=\u00bbdefault\u00bb global_colors_info=\u00bb{}\u00bb min_height=\u00bb175.4px\u00bb custom_padding=\u00bb||0px|||\u00bb custom_margin=\u00bb45px|auto|-33px|auto||\u00bb][et_pb_column type=\u00bb4_4&#8243; _builder_version=\u00bb4.27.4&#8243; _module_preset=\u00bbdefault\u00bb global_colors_info=\u00bb{}\u00bb][et_pb_text _builder_version=\u00bb4.27.4&#8243; _module_preset=\u00bbdefault\u00bb custom_padding=\u00bb||19px|3px||\u00bb global_colors_info=\u00bb{}\u00bb custom_margin=\u00bb||31px|||\u00bb]<\/p>\n<p><span style=\"font-size: x-large;\"><strong>EN UN ECOSISTEMA SALUDABLE Y TRANSFORMADOR<\/strong><\/span><\/p>\n<p style=\"text-align: justify;\"><span style=\"font-size: large;\">Creemos que\u00a0<strong>el bienestar se construye colectivamente<\/strong>. La innovaci\u00f3n social forma parte de nuestro m\u00e9todo porque busca nuevas formas: creando redes, impulsando iniciativas y generando soluciones que nacen desde la participaci\u00f3n.<\/span><\/p>\n<p>[\/et_pb_text][\/et_pb_column][\/et_pb_row][\/et_pb_section][et_pb_section fb_built=\u00bb1&#8243; custom_padding_last_edited=\u00bbon|tablet\u00bb _builder_version=\u00bb4.16&#8243; inner_width_tablet=\u00bb50px\u00bb inner_max_width_tablet=\u00bb100px\u00bb inner_max_width_phone=\u00bb50px\u00bb custom_margin=\u00bb-481px||0px|||\u00bb custom_margin_tablet=\u00bb0px|0px|0px|0px\u00bb custom_margin_phone=\u00bb\u00bb custom_margin_last_edited=\u00bbon|phone\u00bb custom_padding=\u00bb0px||0px|\u00bb custom_padding_tablet=\u00bb0px|0px|0px|0px\u00bb custom_padding_phone=\u00bb\u00bb z_index_tablet=\u00bb500&#8243; box_shadow_horizontal_tablet=\u00bb0px\u00bb box_shadow_vertical_tablet=\u00bb0px\u00bb box_shadow_blur_tablet=\u00bb40px\u00bb box_shadow_spread_tablet=\u00bb0px\u00bb global_colors_info=\u00bb{}\u00bb][et_pb_row column_structure=\u00bb1_2,1_2&#8243; use_custom_gutter=\u00bbon\u00bb gutter_width=\u00bb1&#8243; make_equal=\u00bbon\u00bb _builder_version=\u00bb4.16&#8243; width=\u00bb100%\u00bb width_tablet=\u00bb\u00bb width_phone=\u00bb\u00bb width_last_edited=\u00bbon|desktop\u00bb max_width=\u00bb100%\u00bb max_width_tablet=\u00bb\u00bb max_width_phone=\u00bb\u00bb max_width_last_edited=\u00bbon|desktop\u00bb min_height=\u00bb423.4px\u00bb custom_margin=\u00bb-97px|auto|0px|auto||\u00bb custom_padding=\u00bb2px||0px|||\u00bb z_index_tablet=\u00bb500&#8243; box_shadow_horizontal_tablet=\u00bb0px\u00bb box_shadow_vertical_tablet=\u00bb0px\u00bb box_shadow_blur_tablet=\u00bb40px\u00bb box_shadow_spread_tablet=\u00bb0px\u00bb global_colors_info=\u00bb{}\u00bb][et_pb_column type=\u00bb1_2&#8243; _builder_version=\u00bb4.16&#8243; background_color=\u00bbrgba(248,245,235,0.3)\u00bb custom_padding=\u00bb40px|60px|50px|60px\u00bb custom_padding_tablet=\u00bb40px|60px|50px|60px\u00bb custom_padding_phone=\u00bb40px|60px|50px|60px\u00bb custom_padding_last_edited=\u00bbon|\u00bb global_colors_info=\u00bb{}\u00bb custom_padding__hover=\u00bb|||\u00bb][et_pb_blurb title=\u00bbAmigables\u00bb image=\u00bbhttps:\/\/batbitahiru.eus\/wp-content\/uploads\/2020\/03\/salud-fisica-figura.png\u00bb _builder_version=\u00bb4.16&#8243; header_level=\u00bbh3&#8243; header_font=\u00bb|300|||||||\u00bb header_font_size=\u00bb30px\u00bb text_orientation=\u00bbcenter\u00bb z_index_tablet=\u00bb500&#8243; header_text_shadow_horizontal_length_tablet=\u00bb0px\u00bb header_text_shadow_vertical_length_tablet=\u00bb0px\u00bb header_text_shadow_blur_strength_tablet=\u00bb1px\u00bb body_text_shadow_horizontal_length_tablet=\u00bb0px\u00bb body_text_shadow_vertical_length_tablet=\u00bb0px\u00bb body_text_shadow_blur_strength_tablet=\u00bb1px\u00bb body_link_text_shadow_horizontal_length_tablet=\u00bb0px\u00bb body_link_text_shadow_vertical_length_tablet=\u00bb0px\u00bb body_link_text_shadow_blur_strength_tablet=\u00bb1px\u00bb body_ul_text_shadow_horizontal_length_tablet=\u00bb0px\u00bb body_ul_text_shadow_vertical_length_tablet=\u00bb0px\u00bb body_ul_text_shadow_blur_strength_tablet=\u00bb1px\u00bb body_ol_text_shadow_horizontal_length_tablet=\u00bb0px\u00bb body_ol_text_shadow_vertical_length_tablet=\u00bb0px\u00bb body_ol_text_shadow_blur_strength_tablet=\u00bb1px\u00bb body_quote_text_shadow_horizontal_length_tablet=\u00bb0px\u00bb body_quote_text_shadow_vertical_length_tablet=\u00bb0px\u00bb body_quote_text_shadow_blur_strength_tablet=\u00bb1px\u00bb box_shadow_horizontal_tablet=\u00bb0px\u00bb box_shadow_vertical_tablet=\u00bb0px\u00bb box_shadow_blur_tablet=\u00bb40px\u00bb box_shadow_spread_tablet=\u00bb0px\u00bb box_shadow_horizontal_image_tablet=\u00bb0px\u00bb box_shadow_vertical_image_tablet=\u00bb0px\u00bb box_shadow_blur_image_tablet=\u00bb40px\u00bb box_shadow_spread_image_tablet=\u00bb0px\u00bb text_shadow_horizontal_length_tablet=\u00bb0px\u00bb text_shadow_vertical_length_tablet=\u00bb0px\u00bb text_shadow_blur_strength_tablet=\u00bb1px\u00bb icon_font_size=\u00bb18px\u00bb global_colors_info=\u00bb{}\u00bb]<\/p>\n<p>Eliminar barreras<\/p>\n<p>[\/et_pb_blurb][\/et_pb_column][et_pb_column type=\u00bb1_2&#8243; _builder_version=\u00bb4.16&#8243; background_color=\u00bbrgba(248,245,235,0.46)\u00bb custom_padding=\u00bb40px|60px|50px|60px\u00bb global_colors_info=\u00bb{}\u00bb custom_padding__hover=\u00bb|||\u00bb][et_pb_blurb title=\u00bbColaborativos\u00bb image=\u00bbhttps:\/\/batbitahiru.eus\/wp-content\/uploads\/2020\/03\/salud-psicologica-2.png\u00bb _builder_version=\u00bb4.16&#8243; header_level=\u00bbh3&#8243; header_font=\u00bb|300|||||||\u00bb header_font_size=\u00bb30px\u00bb text_orientation=\u00bbcenter\u00bb z_index_tablet=\u00bb500&#8243; header_text_shadow_horizontal_length_tablet=\u00bb0px\u00bb header_text_shadow_vertical_length_tablet=\u00bb0px\u00bb header_text_shadow_blur_strength_tablet=\u00bb1px\u00bb body_text_shadow_horizontal_length_tablet=\u00bb0px\u00bb body_text_shadow_vertical_length_tablet=\u00bb0px\u00bb body_text_shadow_blur_strength_tablet=\u00bb1px\u00bb body_link_text_shadow_horizontal_length_tablet=\u00bb0px\u00bb body_link_text_shadow_vertical_length_tablet=\u00bb0px\u00bb body_link_text_shadow_blur_strength_tablet=\u00bb1px\u00bb body_ul_text_shadow_horizontal_length_tablet=\u00bb0px\u00bb body_ul_text_shadow_vertical_length_tablet=\u00bb0px\u00bb body_ul_text_shadow_blur_strength_tablet=\u00bb1px\u00bb body_ol_text_shadow_horizontal_length_tablet=\u00bb0px\u00bb body_ol_text_shadow_vertical_length_tablet=\u00bb0px\u00bb body_ol_text_shadow_blur_strength_tablet=\u00bb1px\u00bb body_quote_text_shadow_horizontal_length_tablet=\u00bb0px\u00bb body_quote_text_shadow_vertical_length_tablet=\u00bb0px\u00bb body_quote_text_shadow_blur_strength_tablet=\u00bb1px\u00bb box_shadow_horizontal_tablet=\u00bb0px\u00bb box_shadow_vertical_tablet=\u00bb0px\u00bb box_shadow_blur_tablet=\u00bb40px\u00bb box_shadow_spread_tablet=\u00bb0px\u00bb box_shadow_horizontal_image_tablet=\u00bb0px\u00bb box_shadow_vertical_image_tablet=\u00bb0px\u00bb box_shadow_blur_image_tablet=\u00bb40px\u00bb box_shadow_spread_image_tablet=\u00bb0px\u00bb text_shadow_horizontal_length_tablet=\u00bb0px\u00bb text_shadow_vertical_length_tablet=\u00bb0px\u00bb text_shadow_blur_strength_tablet=\u00bb1px\u00bb icon_font_size=\u00bb18px\u00bb global_colors_info=\u00bb{}\u00bb]<\/p>\n<p>Conocimiento y desarrollo<\/p>\n<p>[\/et_pb_blurb][\/et_pb_column][\/et_pb_row][et_pb_row column_structure=\u00bb1_2,1_2&#8243; use_custom_gutter=\u00bbon\u00bb gutter_width=\u00bb1&#8243; make_equal=\u00bbon\u00bb _builder_version=\u00bb4.16&#8243; width=\u00bb100%\u00bb width_tablet=\u00bb\u00bb width_phone=\u00bb\u00bb width_last_edited=\u00bbon|desktop\u00bb max_width=\u00bb100%\u00bb max_width_tablet=\u00bb\u00bb max_width_phone=\u00bb\u00bb max_width_last_edited=\u00bbon|desktop\u00bb min_height=\u00bb296.8px\u00bb custom_margin=\u00bb0px||0px|\u00bb custom_padding=\u00bb0px||0px|||\u00bb z_index_tablet=\u00bb500&#8243; box_shadow_horizontal_tablet=\u00bb0px\u00bb box_shadow_vertical_tablet=\u00bb0px\u00bb box_shadow_blur_tablet=\u00bb40px\u00bb box_shadow_spread_tablet=\u00bb0px\u00bb global_colors_info=\u00bb{}\u00bb][et_pb_column type=\u00bb1_2&#8243; _builder_version=\u00bb4.16&#8243; background_color=\u00bbrgba(248,245,235,0.63)\u00bb custom_padding=\u00bb40px|60px|50px|60px\u00bb global_colors_info=\u00bb{}\u00bb custom_padding__hover=\u00bb|||\u00bb][et_pb_blurb title=\u00bbSeguros\u00bb image=\u00bbhttps:\/\/batbitahiru.eus\/wp-content\/uploads\/2020\/03\/salud-emocional-azul.png\u00bb _builder_version=\u00bb4.16&#8243; header_level=\u00bbh3&#8243; header_font=\u00bb|300|||||||\u00bb header_font_size=\u00bb30px\u00bb text_orientation=\u00bbcenter\u00bb z_index_tablet=\u00bb500&#8243; header_text_shadow_horizontal_length_tablet=\u00bb0px\u00bb header_text_shadow_vertical_length_tablet=\u00bb0px\u00bb header_text_shadow_blur_strength_tablet=\u00bb1px\u00bb body_text_shadow_horizontal_length_tablet=\u00bb0px\u00bb body_text_shadow_vertical_length_tablet=\u00bb0px\u00bb body_text_shadow_blur_strength_tablet=\u00bb1px\u00bb body_link_text_shadow_horizontal_length_tablet=\u00bb0px\u00bb body_link_text_shadow_vertical_length_tablet=\u00bb0px\u00bb body_link_text_shadow_blur_strength_tablet=\u00bb1px\u00bb body_ul_text_shadow_horizontal_length_tablet=\u00bb0px\u00bb body_ul_text_shadow_vertical_length_tablet=\u00bb0px\u00bb body_ul_text_shadow_blur_strength_tablet=\u00bb1px\u00bb body_ol_text_shadow_horizontal_length_tablet=\u00bb0px\u00bb body_ol_text_shadow_vertical_length_tablet=\u00bb0px\u00bb body_ol_text_shadow_blur_strength_tablet=\u00bb1px\u00bb body_quote_text_shadow_horizontal_length_tablet=\u00bb0px\u00bb body_quote_text_shadow_vertical_length_tablet=\u00bb0px\u00bb body_quote_text_shadow_blur_strength_tablet=\u00bb1px\u00bb box_shadow_horizontal_tablet=\u00bb0px\u00bb box_shadow_vertical_tablet=\u00bb0px\u00bb box_shadow_blur_tablet=\u00bb40px\u00bb box_shadow_spread_tablet=\u00bb0px\u00bb box_shadow_horizontal_image_tablet=\u00bb0px\u00bb box_shadow_vertical_image_tablet=\u00bb0px\u00bb box_shadow_blur_image_tablet=\u00bb40px\u00bb box_shadow_spread_image_tablet=\u00bb0px\u00bb text_shadow_horizontal_length_tablet=\u00bb0px\u00bb text_shadow_vertical_length_tablet=\u00bb0px\u00bb text_shadow_blur_strength_tablet=\u00bb1px\u00bb icon_font_size=\u00bb18px\u00bb global_colors_info=\u00bb{}\u00bb]<\/p>\n<p>Gesti\u00f3n del cambio: Nuevos retos<\/p>\n<p>[\/et_pb_blurb][\/et_pb_column][et_pb_column type=\u00bb1_2&#8243; _builder_version=\u00bb4.16&#8243; background_color=\u00bbrgba(248,245,235,0.3)\u00bb custom_padding=\u00bb40px|60px|50px|60px\u00bb global_colors_info=\u00bb{}\u00bb custom_padding__hover=\u00bb|||\u00bb][et_pb_blurb title=\u00bbAtentos\u00bb image=\u00bbhttps:\/\/batbitahiru.eus\/wp-content\/uploads\/2020\/03\/salud-social-figura-2.png\u00bb _builder_version=\u00bb4.16&#8243; header_level=\u00bbh3&#8243; header_font=\u00bb|300|||||||\u00bb header_font_size=\u00bb30px\u00bb text_orientation=\u00bbcenter\u00bb z_index_tablet=\u00bb500&#8243; header_text_shadow_horizontal_length_tablet=\u00bb0px\u00bb header_text_shadow_vertical_length_tablet=\u00bb0px\u00bb header_text_shadow_blur_strength_tablet=\u00bb1px\u00bb body_text_shadow_horizontal_length_tablet=\u00bb0px\u00bb body_text_shadow_vertical_length_tablet=\u00bb0px\u00bb body_text_shadow_blur_strength_tablet=\u00bb1px\u00bb body_link_text_shadow_horizontal_length_tablet=\u00bb0px\u00bb body_link_text_shadow_vertical_length_tablet=\u00bb0px\u00bb body_link_text_shadow_blur_strength_tablet=\u00bb1px\u00bb body_ul_text_shadow_horizontal_length_tablet=\u00bb0px\u00bb body_ul_text_shadow_vertical_length_tablet=\u00bb0px\u00bb body_ul_text_shadow_blur_strength_tablet=\u00bb1px\u00bb body_ol_text_shadow_horizontal_length_tablet=\u00bb0px\u00bb body_ol_text_shadow_vertical_length_tablet=\u00bb0px\u00bb body_ol_text_shadow_blur_strength_tablet=\u00bb1px\u00bb body_quote_text_shadow_horizontal_length_tablet=\u00bb0px\u00bb body_quote_text_shadow_vertical_length_tablet=\u00bb0px\u00bb body_quote_text_shadow_blur_strength_tablet=\u00bb1px\u00bb box_shadow_horizontal_tablet=\u00bb0px\u00bb box_shadow_vertical_tablet=\u00bb0px\u00bb box_shadow_blur_tablet=\u00bb40px\u00bb box_shadow_spread_tablet=\u00bb0px\u00bb box_shadow_horizontal_image_tablet=\u00bb0px\u00bb box_shadow_vertical_image_tablet=\u00bb0px\u00bb box_shadow_blur_image_tablet=\u00bb40px\u00bb box_shadow_spread_image_tablet=\u00bb0px\u00bb text_shadow_horizontal_length_tablet=\u00bb0px\u00bb text_shadow_vertical_length_tablet=\u00bb0px\u00bb text_shadow_blur_strength_tablet=\u00bb1px\u00bb icon_font_size=\u00bb18px\u00bb global_colors_info=\u00bb{}\u00bb]<\/p>\n<p>Totalidad de personas<\/p>\n<p>[\/et_pb_blurb][\/et_pb_column][\/et_pb_row][\/et_pb_section]<\/p>\n","protected":false},"excerpt":{"rendered":"<p>Nuestro m\u00e9todo LOS MOMENTOS DE PROYECTO:EN UN ECOSISTEMA SALUDABLE Y TRANSFORMADOR Creemos que\u00a0el bienestar se construye colectivamente. La innovaci\u00f3n social forma parte de nuestro m\u00e9todo porque busca nuevas formas: creando redes, impulsando iniciativas y generando soluciones que nacen desde la participaci\u00f3n.Eliminar barrerasConocimiento y desarrolloGesti\u00f3n del cambio: Nuevos retosTotalidad de personas<\/p>","protected":false},"author":6,"featured_media":0,"parent":0,"menu_order":0,"comment_status":"closed","ping_status":"closed","template":"","meta":{"_et_pb_use_builder":"on","_et_pb_old_content":"","_et_gb_content_width":"","footnotes":""},"class_list":["post-1473","page","type-page","status-publish","hentry"],"yoast_head":"<!-- This site is optimized with the Yoast SEO plugin v27.4 - https:\/\/yoast.com\/product\/yoast-seo-wordpress\/ -->\n<title>Nuestro m\u00e9todo: la salud transformadora - Bienestar<\/title>\n<meta name=\"description\" content=\"Nuestro m\u00e9todo de salud transformadora genera equilibrio y bienestar porque tiene en cuenta la salud f\u00edsica, psicol\u00f3gica, emocional y social.\" \/>\n<meta name=\"robots\" content=\"index, follow, max-snippet:-1, max-image-preview:large, max-video-preview:-1\" \/>\n<link rel=\"canonical\" href=\"https:\/\/batbitahiru.eus\/eu\/metodo\/\" \/>\n<meta property=\"og:locale\" content=\"en_US\" \/>\n<meta property=\"og:type\" content=\"article\" \/>\n<meta property=\"og:title\" content=\"Nuestro m\u00e9todo: la salud transformadora - Bienestar\" \/>\n<meta property=\"og:description\" content=\"Nuestro m\u00e9todo de salud transformadora genera equilibrio y bienestar porque tiene en cuenta la salud f\u00edsica, psicol\u00f3gica, emocional y social.\" \/>\n<meta property=\"og:url\" content=\"https:\/\/batbitahiru.eus\/eu\/metodo\/\" \/>\n<meta property=\"og:site_name\" content=\"Bat Bi ta Hiru\" \/>\n<meta property=\"article:publisher\" content=\"https:\/\/www.facebook.com\/bat.hiru\/\" \/>\n<meta property=\"article:modified_time\" content=\"2025-07-21T09:06:09+00:00\" \/>\n<meta name=\"twitter:card\" content=\"summary_large_image\" \/>\n<meta name=\"twitter:label1\" content=\"Est. reading time\" \/>\n\t<meta name=\"twitter:data1\" content=\"2 minutua\" \/>\n<script type=\"application\/ld+json\" class=\"yoast-schema-graph\">{\"@context\":\"https:\\\/\\\/schema.org\",\"@graph\":[{\"@type\":\"WebPage\",\"@id\":\"https:\\\/\\\/batbitahiru.eus\\\/es\\\/metodo\\\/\",\"url\":\"https:\\\/\\\/batbitahiru.eus\\\/es\\\/metodo\\\/\",\"name\":\"Nuestro m\u00e9todo: la salud transformadora - Bienestar\",\"isPartOf\":{\"@id\":\"https:\\\/\\\/batbitahiru.eus\\\/#website\"},\"datePublished\":\"2020-03-02T14:59:35+00:00\",\"dateModified\":\"2025-07-21T09:06:09+00:00\",\"description\":\"Nuestro m\u00e9todo de salud transformadora genera equilibrio y bienestar porque tiene en cuenta la salud f\u00edsica, psicol\u00f3gica, emocional y social.\",\"breadcrumb\":{\"@id\":\"https:\\\/\\\/batbitahiru.eus\\\/es\\\/metodo\\\/#breadcrumb\"},\"inLanguage\":\"eu\",\"potentialAction\":[{\"@type\":\"ReadAction\",\"target\":[\"https:\\\/\\\/batbitahiru.eus\\\/es\\\/metodo\\\/\"]}]},{\"@type\":\"BreadcrumbList\",\"@id\":\"https:\\\/\\\/batbitahiru.eus\\\/es\\\/metodo\\\/#breadcrumb\",\"itemListElement\":[{\"@type\":\"ListItem\",\"position\":1,\"name\":\"Portada\",\"item\":\"https:\\\/\\\/batbitahiru.eus\\\/\"},{\"@type\":\"ListItem\",\"position\":2,\"name\":\"Nuestro m\u00e9todo\"}]},{\"@type\":\"WebSite\",\"@id\":\"https:\\\/\\\/batbitahiru.eus\\\/#website\",\"url\":\"https:\\\/\\\/batbitahiru.eus\\\/\",\"name\":\"Bat Bi ta Hiru\",\"description\":\"Retos con sentido\",\"publisher\":{\"@id\":\"https:\\\/\\\/batbitahiru.eus\\\/#organization\"},\"potentialAction\":[{\"@type\":\"SearchAction\",\"target\":{\"@type\":\"EntryPoint\",\"urlTemplate\":\"https:\\\/\\\/batbitahiru.eus\\\/?s={search_term_string}\"},\"query-input\":{\"@type\":\"PropertyValueSpecification\",\"valueRequired\":true,\"valueName\":\"search_term_string\"}}],\"inLanguage\":\"eu\"},{\"@type\":\"Organization\",\"@id\":\"https:\\\/\\\/batbitahiru.eus\\\/#organization\",\"name\":\"Bat Bi ta Hiru\",\"url\":\"https:\\\/\\\/batbitahiru.eus\\\/\",\"logo\":{\"@type\":\"ImageObject\",\"inLanguage\":\"eu\",\"@id\":\"https:\\\/\\\/batbitahiru.eus\\\/#\\\/schema\\\/logo\\\/image\\\/\",\"url\":\"https:\\\/\\\/batbitahiru.eus\\\/wp-content\\\/uploads\\\/2025\\\/05\\\/bat-bi-ta-hiru-logo.png\",\"contentUrl\":\"https:\\\/\\\/batbitahiru.eus\\\/wp-content\\\/uploads\\\/2025\\\/05\\\/bat-bi-ta-hiru-logo.png\",\"width\":250,\"height\":202,\"caption\":\"Bat Bi ta Hiru\"},\"image\":{\"@id\":\"https:\\\/\\\/batbitahiru.eus\\\/#\\\/schema\\\/logo\\\/image\\\/\"},\"sameAs\":[\"https:\\\/\\\/www.facebook.com\\\/bat.hiru\\\/\",\"https:\\\/\\\/www.linkedin.com\\\/company\\\/bat-bi-ta-hiru-s-l\\\/?originalSubdomain=es\"]}]}<\/script>\n<!-- \/ Yoast SEO plugin. -->","yoast_head_json":{"title":"Nuestro m\u00e9todo: la salud transformadora - Bienestar","description":"Nuestro m\u00e9todo de salud transformadora genera equilibrio y bienestar porque tiene en cuenta la salud f\u00edsica, psicol\u00f3gica, emocional y social.","robots":{"index":"index","follow":"follow","max-snippet":"max-snippet:-1","max-image-preview":"max-image-preview:large","max-video-preview":"max-video-preview:-1"},"canonical":"https:\/\/batbitahiru.eus\/eu\/metodo\/","og_locale":"en_US","og_type":"article","og_title":"Nuestro m\u00e9todo: la salud transformadora - Bienestar","og_description":"Nuestro m\u00e9todo de salud transformadora genera equilibrio y bienestar porque tiene en cuenta la salud f\u00edsica, psicol\u00f3gica, emocional y social.","og_url":"https:\/\/batbitahiru.eus\/eu\/metodo\/","og_site_name":"Bat Bi ta Hiru","article_publisher":"https:\/\/www.facebook.com\/bat.hiru\/","article_modified_time":"2025-07-21T09:06:09+00:00","twitter_card":"summary_large_image","twitter_misc":{"Est. reading time":"2 minutua"},"schema":{"@context":"https:\/\/schema.org","@graph":[{"@type":"WebPage","@id":"https:\/\/batbitahiru.eus\/es\/metodo\/","url":"https:\/\/batbitahiru.eus\/es\/metodo\/","name":"Nuestro m\u00e9todo: la salud transformadora - Bienestar","isPartOf":{"@id":"https:\/\/batbitahiru.eus\/#website"},"datePublished":"2020-03-02T14:59:35+00:00","dateModified":"2025-07-21T09:06:09+00:00","description":"Nuestro m\u00e9todo de salud transformadora genera equilibrio y bienestar porque tiene en cuenta la salud f\u00edsica, psicol\u00f3gica, emocional y social.","breadcrumb":{"@id":"https:\/\/batbitahiru.eus\/es\/metodo\/#breadcrumb"},"inLanguage":"eu","potentialAction":[{"@type":"ReadAction","target":["https:\/\/batbitahiru.eus\/es\/metodo\/"]}]},{"@type":"BreadcrumbList","@id":"https:\/\/batbitahiru.eus\/es\/metodo\/#breadcrumb","itemListElement":[{"@type":"ListItem","position":1,"name":"Portada","item":"https:\/\/batbitahiru.eus\/"},{"@type":"ListItem","position":2,"name":"Nuestro m\u00e9todo"}]},{"@type":"WebSite","@id":"https:\/\/batbitahiru.eus\/#website","url":"https:\/\/batbitahiru.eus\/","name":"Bat Bi ta Hiru","description":"Retos con sentido","publisher":{"@id":"https:\/\/batbitahiru.eus\/#organization"},"potentialAction":[{"@type":"SearchAction","target":{"@type":"EntryPoint","urlTemplate":"https:\/\/batbitahiru.eus\/?s={search_term_string}"},"query-input":{"@type":"PropertyValueSpecification","valueRequired":true,"valueName":"search_term_string"}}],"inLanguage":"eu"},{"@type":"Organization","@id":"https:\/\/batbitahiru.eus\/#organization","name":"Bat Bi ta Hiru","url":"https:\/\/batbitahiru.eus\/","logo":{"@type":"ImageObject","inLanguage":"eu","@id":"https:\/\/batbitahiru.eus\/#\/schema\/logo\/image\/","url":"https:\/\/batbitahiru.eus\/wp-content\/uploads\/2025\/05\/bat-bi-ta-hiru-logo.png","contentUrl":"https:\/\/batbitahiru.eus\/wp-content\/uploads\/2025\/05\/bat-bi-ta-hiru-logo.png","width":250,"height":202,"caption":"Bat Bi ta Hiru"},"image":{"@id":"https:\/\/batbitahiru.eus\/#\/schema\/logo\/image\/"},"sameAs":["https:\/\/www.facebook.com\/bat.hiru\/","https:\/\/www.linkedin.com\/company\/bat-bi-ta-hiru-s-l\/?originalSubdomain=es"]}]}},"_links":{"self":[{"href":"https:\/\/batbitahiru.eus\/eu\/wp-json\/wp\/v2\/pages\/1473","targetHints":{"allow":["GET"]}}],"collection":[{"href":"https:\/\/batbitahiru.eus\/eu\/wp-json\/wp\/v2\/pages"}],"about":[{"href":"https:\/\/batbitahiru.eus\/eu\/wp-json\/wp\/v2\/types\/page"}],"author":[{"embeddable":true,"href":"https:\/\/batbitahiru.eus\/eu\/wp-json\/wp\/v2\/users\/6"}],"replies":[{"embeddable":true,"href":"https:\/\/batbitahiru.eus\/eu\/wp-json\/wp\/v2\/comments?post=1473"}],"version-history":[{"count":80,"href":"https:\/\/batbitahiru.eus\/eu\/wp-json\/wp\/v2\/pages\/1473\/revisions"}],"predecessor-version":[{"id":2262,"href":"https:\/\/batbitahiru.eus\/eu\/wp-json\/wp\/v2\/pages\/1473\/revisions\/2262"}],"wp:attachment":[{"href":"https:\/\/batbitahiru.eus\/eu\/wp-json\/wp\/v2\/media?parent=1473"}],"curies":[{"name":"wp","href":"https:\/\/api.w.org\/{rel}","templated":true}]}}